{"id":155,"date":"2021-04-27T14:30:24","date_gmt":"2021-04-27T14:30:24","guid":{"rendered":"https:\/\/www.copyshop-freital.de\/?page_id=155"},"modified":"2025-08-01T10:20:16","modified_gmt":"2025-08-01T10:20:16","slug":"preise-fuer-kopien-und-bindungen","status":"publish","type":"page","link":"https:\/\/www.copyshop-freital.de\/index.php\/preise-fuer-kopien-und-bindungen\/","title":{"rendered":"Preise"},"content":{"rendered":"<p>[et_pb_section fb_built=&#8220;1&#8243; _builder_version=&#8220;4.16&#8243; _module_preset=&#8220;default&#8220; global_colors_info=&#8220;{}&#8220;][et_pb_row _builder_version=&#8220;4.16&#8243; _module_preset=&#8220;default&#8220; global_colors_info=&#8220;{}&#8220;][et_pb_column type=&#8220;4_4&#8243; _builder_version=&#8220;4.16&#8243; _module_preset=&#8220;default&#8220; global_colors_info=&#8220;{}&#8220;][et_pb_blurb url=&#8220;https:\/\/www.copyshop-freital.de\/wp-content\/uploads\/2025\/08\/Copyshop_Preisliste_kurz-08-2025_compressed.pdf&#8220; image=&#8220;https:\/\/www.copyshop-freital.de\/wp-content\/uploads\/2021\/06\/slider_web_preise.jpg&#8220; alt=&#8220;Preisliste&#8220; _builder_version=&#8220;4.27.4&#8243; _module_preset=&#8220;default&#8220; hover_enabled=&#8220;0&#8243; global_colors_info=&#8220;{}&#8220; sticky_enabled=&#8220;0&#8243;]<\/p>\n<h3><strong>Preisliste (Kurz\u00fcbersicht)<\/strong><\/h3>\n<p>Hier finden Sie eine Preis\u00fcbersicht zu unseren <a href=\"https:\/\/www.copyshop-freital.de\/wp-content\/uploads\/2025\/08\/Copyshop_Preisliste_kurz-08-2025_compressed.pdf\" target=\"_blank\" rel=\"noopener\">Preisen (Kurz\u00fcbersicht).<\/a><\/p>\n<p>&nbsp;<\/p>\n<p>Weitere Artikel k\u00f6nnen Sie gern telefonisch (0351 &#8211; 6494735) per E-Mail (gestaltung[at]werberupprecht.de) anfragen und wir erstellen Ihnen gern ein individuelles Angebot f\u00fcr:<\/p>\n<p>&#8211; Schilder<br \/>&#8211; Aufkleber<br \/>&#8211; Typenschilder<br \/>&#8211; Banner (PVC oder Mesh)<br \/>&#8211; Gesch\u00e4ftsaustattungen (Briefpapier, Stempel etc.)<br \/>&#8211; Textildruck (ab 1 St\u00fcck oder auch f\u00fcr Vereine oder Abschlussklassen)<br \/>&#8211; Lasergravuren z.B. auf Holzprodukte oder Edelstahl<br \/>&#8211; Fahrzeugbeschriftungen<\/p>\n<p>[\/et_pb_blurb][\/et_pb_column][\/et_pb_row][\/et_pb_section]<\/p>\n","protected":false},"excerpt":{"rendered":"<p>Preisliste (Kurz\u00fcbersicht) Hier finden Sie eine Preis\u00fcbersicht zu unseren Preisen (Kurz\u00fcbersicht). &nbsp; Weitere Artikel k\u00f6nnen Sie gern telefonisch (0351 &#8211; 6494735) per E-Mail (gestaltung[at]werberupprecht.de) anfragen und wir erstellen Ihnen gern ein individuelles Angebot f\u00fcr: &#8211; Schilder- Aufkleber- Typenschilder- Banner (PVC oder Mesh)- Gesch\u00e4ftsaustattungen (Briefpapier, Stempel etc.)- Textildruck (ab 1 St\u00fcck oder auch f\u00fcr Vereine oder [&hellip;]<\/p>\n","protected":false},"author":1,"featured_media":0,"parent":0,"menu_order":0,"comment_status":"closed","ping_status":"closed","template":"","meta":{"_et_pb_use_builder":"on","_et_pb_old_content":"","_et_gb_content_width":"","footnotes":""},"class_list":["post-155","page","type-page","status-publish","hentry"],"yoast_head":"<!-- This site is optimized with the Yoast SEO plugin v27.5 - https:\/\/yoast.com\/product\/yoast-seo-wordpress\/ -->\n<title>Preise - Copyshop Freital by Werbe Rupprecht GmbH<\/title>\n<meta name=\"description\" content=\"Wir sind Ihr Parner in Sachen Druck und Bindungen. Schnell und g\u00fcnstg erhalten Sie bei uns Ringbindungen, Hard- und Softcoverbindungen.\" \/>\n<meta name=\"robots\" content=\"index, follow, max-snippet:-1, max-image-preview:large, max-video-preview:-1\" \/>\n<link rel=\"canonical\" href=\"https:\/\/www.copyshop-freital.de\/index.php\/preise-fuer-kopien-und-bindungen\/\" \/>\n<meta property=\"og:locale\" content=\"de_DE\" \/>\n<meta property=\"og:type\" content=\"article\" \/>\n<meta property=\"og:title\" content=\"Preise - Copyshop Freital by Werbe Rupprecht GmbH\" \/>\n<meta property=\"og:description\" content=\"Wir sind Ihr Parner in Sachen Druck und Bindungen. Schnell und g\u00fcnstg erhalten Sie bei uns Ringbindungen, Hard- und Softcoverbindungen.\" \/>\n<meta property=\"og:url\" content=\"https:\/\/www.copyshop-freital.de\/index.php\/preise-fuer-kopien-und-bindungen\/\" \/>\n<meta property=\"og:site_name\" content=\"Copyshop Freital by Werbe Rupprecht GmbH\" \/>\n<meta property=\"article:publisher\" content=\"https:\/\/www.facebook.com\/copyshop.freital\" \/>\n<meta property=\"article:modified_time\" content=\"2025-08-01T10:20:16+00:00\" \/>\n<meta name=\"twitter:card\" content=\"summary_large_image\" \/>\n<meta name=\"twitter:label1\" content=\"Gesch\u00e4tzte Lesezeit\" \/>\n\t<meta name=\"twitter:data1\" content=\"1\u00a0Minute\" \/>\n<script type=\"application\/ld+json\" class=\"yoast-schema-graph\">{\"@context\":\"https:\\\/\\\/schema.org\",\"@graph\":[{\"@type\":\"WebPage\",\"@id\":\"https:\\\/\\\/www.copyshop-freital.de\\\/index.php\\\/preise-fuer-kopien-und-bindungen\\\/\",\"url\":\"https:\\\/\\\/www.copyshop-freital.de\\\/index.php\\\/preise-fuer-kopien-und-bindungen\\\/\",\"name\":\"Preise - Copyshop Freital by Werbe Rupprecht GmbH\",\"isPartOf\":{\"@id\":\"https:\\\/\\\/www.copyshop-freital.de\\\/#website\"},\"datePublished\":\"2021-04-27T14:30:24+00:00\",\"dateModified\":\"2025-08-01T10:20:16+00:00\",\"description\":\"Wir sind Ihr Parner in Sachen Druck und Bindungen. Schnell und g\u00fcnstg erhalten Sie bei uns Ringbindungen, Hard- und Softcoverbindungen.\",\"breadcrumb\":{\"@id\":\"https:\\\/\\\/www.copyshop-freital.de\\\/index.php\\\/preise-fuer-kopien-und-bindungen\\\/#breadcrumb\"},\"inLanguage\":\"de\",\"potentialAction\":[{\"@type\":\"ReadAction\",\"target\":[\"https:\\\/\\\/www.copyshop-freital.de\\\/index.php\\\/preise-fuer-kopien-und-bindungen\\\/\"]}]},{\"@type\":\"BreadcrumbList\",\"@id\":\"https:\\\/\\\/www.copyshop-freital.de\\\/index.php\\\/preise-fuer-kopien-und-bindungen\\\/#breadcrumb\",\"itemListElement\":[{\"@type\":\"ListItem\",\"position\":1,\"name\":\"Startseite\",\"item\":\"https:\\\/\\\/www.copyshop-freital.de\\\/\"},{\"@type\":\"ListItem\",\"position\":2,\"name\":\"Preise\"}]},{\"@type\":\"WebSite\",\"@id\":\"https:\\\/\\\/www.copyshop-freital.de\\\/#website\",\"url\":\"https:\\\/\\\/www.copyshop-freital.de\\\/\",\"name\":\"Copyshop Freital by Werbe Rupprecht GmbH\",\"description\":\"Ihr Copyshop in Freital\",\"alternateName\":\"Copyshop in Freital\",\"potentialAction\":[{\"@type\":\"SearchAction\",\"target\":{\"@type\":\"EntryPoint\",\"urlTemplate\":\"https:\\\/\\\/www.copyshop-freital.de\\\/?s={search_term_string}\"},\"query-input\":{\"@type\":\"PropertyValueSpecification\",\"valueRequired\":true,\"valueName\":\"search_term_string\"}}],\"inLanguage\":\"de\"}]}<\/script>\n<!-- \/ Yoast SEO plugin. -->","yoast_head_json":{"title":"Preise - Copyshop Freital by Werbe Rupprecht GmbH","description":"Wir sind Ihr Parner in Sachen Druck und Bindungen. Schnell und g\u00fcnstg erhalten Sie bei uns Ringbindungen, Hard- und Softcoverbindungen.","robots":{"index":"index","follow":"follow","max-snippet":"max-snippet:-1","max-image-preview":"max-image-preview:large","max-video-preview":"max-video-preview:-1"},"canonical":"https:\/\/www.copyshop-freital.de\/index.php\/preise-fuer-kopien-und-bindungen\/","og_locale":"de_DE","og_type":"article","og_title":"Preise - Copyshop Freital by Werbe Rupprecht GmbH","og_description":"Wir sind Ihr Parner in Sachen Druck und Bindungen. Schnell und g\u00fcnstg erhalten Sie bei uns Ringbindungen, Hard- und Softcoverbindungen.","og_url":"https:\/\/www.copyshop-freital.de\/index.php\/preise-fuer-kopien-und-bindungen\/","og_site_name":"Copyshop Freital by Werbe Rupprecht GmbH","article_publisher":"https:\/\/www.facebook.com\/copyshop.freital","article_modified_time":"2025-08-01T10:20:16+00:00","twitter_card":"summary_large_image","twitter_misc":{"Gesch\u00e4tzte Lesezeit":"1\u00a0Minute"},"schema":{"@context":"https:\/\/schema.org","@graph":[{"@type":"WebPage","@id":"https:\/\/www.copyshop-freital.de\/index.php\/preise-fuer-kopien-und-bindungen\/","url":"https:\/\/www.copyshop-freital.de\/index.php\/preise-fuer-kopien-und-bindungen\/","name":"Preise - Copyshop Freital by Werbe Rupprecht GmbH","isPartOf":{"@id":"https:\/\/www.copyshop-freital.de\/#website"},"datePublished":"2021-04-27T14:30:24+00:00","dateModified":"2025-08-01T10:20:16+00:00","description":"Wir sind Ihr Parner in Sachen Druck und Bindungen. Schnell und g\u00fcnstg erhalten Sie bei uns Ringbindungen, Hard- und Softcoverbindungen.","breadcrumb":{"@id":"https:\/\/www.copyshop-freital.de\/index.php\/preise-fuer-kopien-und-bindungen\/#breadcrumb"},"inLanguage":"de","potentialAction":[{"@type":"ReadAction","target":["https:\/\/www.copyshop-freital.de\/index.php\/preise-fuer-kopien-und-bindungen\/"]}]},{"@type":"BreadcrumbList","@id":"https:\/\/www.copyshop-freital.de\/index.php\/preise-fuer-kopien-und-bindungen\/#breadcrumb","itemListElement":[{"@type":"ListItem","position":1,"name":"Startseite","item":"https:\/\/www.copyshop-freital.de\/"},{"@type":"ListItem","position":2,"name":"Preise"}]},{"@type":"WebSite","@id":"https:\/\/www.copyshop-freital.de\/#website","url":"https:\/\/www.copyshop-freital.de\/","name":"Copyshop Freital by Werbe Rupprecht GmbH","description":"Ihr Copyshop in Freital","alternateName":"Copyshop in Freital","potentialAction":[{"@type":"SearchAction","target":{"@type":"EntryPoint","urlTemplate":"https:\/\/www.copyshop-freital.de\/?s={search_term_string}"},"query-input":{"@type":"PropertyValueSpecification","valueRequired":true,"valueName":"search_term_string"}}],"inLanguage":"de"}]}},"_links":{"self":[{"href":"https:\/\/www.copyshop-freital.de\/index.php\/wp-json\/wp\/v2\/pages\/155","targetHints":{"allow":["GET"]}}],"collection":[{"href":"https:\/\/www.copyshop-freital.de\/index.php\/wp-json\/wp\/v2\/pages"}],"about":[{"href":"https:\/\/www.copyshop-freital.de\/index.php\/wp-json\/wp\/v2\/types\/page"}],"author":[{"embeddable":true,"href":"https:\/\/www.copyshop-freital.de\/index.php\/wp-json\/wp\/v2\/users\/1"}],"replies":[{"embeddable":true,"href":"https:\/\/www.copyshop-freital.de\/index.php\/wp-json\/wp\/v2\/comments?post=155"}],"version-history":[{"count":17,"href":"https:\/\/www.copyshop-freital.de\/index.php\/wp-json\/wp\/v2\/pages\/155\/revisions"}],"predecessor-version":[{"id":384,"href":"https:\/\/www.copyshop-freital.de\/index.php\/wp-json\/wp\/v2\/pages\/155\/revisions\/384"}],"wp:attachment":[{"href":"https:\/\/www.copyshop-freital.de\/index.php\/wp-json\/wp\/v2\/media?parent=155"}],"curies":[{"name":"wp","href":"https:\/\/api.w.org\/{rel}","templated":true}]}}